{"id":616,"date":"2017-04-24T23:59:14","date_gmt":"2017-04-24T23:59:14","guid":{"rendered":"http:\/\/www.newurl\/comunidad\/"},"modified":"2017-06-27T18:50:31","modified_gmt":"2017-06-27T18:50:31","slug":"comunidad","status":"publish","type":"page","link":"https:\/\/cimroofing.com\/de\/comunidad\/","title":{"rendered":"Gemeinschaft"},"content":{"rendered":"<div class=\"wpb-content-wrapper\"><p>[vc_row css=&#8220;.vc_custom_1493163531269{margin-bottom: 0px !important;border-bottom-width: 0px !important;padding-top: 90px !important;padding-bottom: 0px !important;}&#8220;][vc_column][vc_custom_heading text=&#8220;ERRUNGENSCHAFTEN&#8220; font_container=&#8220;tag:h1|font_size:30|text_align:center|color:%23848484&#8243; use_theme_fonts=&#8220;yes&#8220;][\/vc_column][\/vc_row][vc_row type=&#8220;full-width-section&#8220; css=&#8220;.vc_custom_1493856203247{margin-top: 0px !important;margin-bottom: 0px !important;padding-top: 30px !important;padding-bottom: 0px !important;}&#8220;][vc_column width=&#8220;1\/3&#8243;][vc_single_image image=&#8220;128&#8243; img_size=&#8220;medium&#8220; alignment=&#8220;center&#8220;][vc_column_text]<\/p>\n<h3 style=\"text-align: center;\"><strong><span style=\"color: #333333;\">FIRESTONE<br \/>\nMASTER CONTRACTOR<br \/>\nPRESIDENT&#8217;S CLUB<\/span><\/strong><\/h3>\n<p>[\/vc_column_text][vc_empty_space][\/vc_column][vc_column width=&#8220;1\/3&#8243;][vc_single_image image=&#8220;491&#8243; img_size=&#8220;medium&#8220; alignment=&#8220;center&#8220;][vc_column_text]<\/p>\n<h3 style=\"text-align: center;\"><strong><span style=\"color: #333333;\">FIRESTONE<br \/>\nEXCELLENCE<br \/>\nAWARD<\/span><\/strong><\/h3>\n<p>[\/vc_column_text][vc_empty_space][\/vc_column][vc_column width=&#8220;1\/3&#8243;][vc_single_image image=&#8220;129&#8243; img_size=&#8220;medium&#8220; alignment=&#8220;center&#8220;][vc_column_text]<\/p>\n<h3 style=\"text-align: center;\"><strong><span style=\"color: #333333;\">FIRESTONE<br \/>\nMASTER CONTRACTOR<br \/>\nHARVEY AWARD<\/span><\/strong><\/h3>\n<p>[\/vc_column_text][vc_empty_space][\/vc_column][\/vc_row][vc_row type=&#8220;full-width-section&#8220; css=&#8220;.vc_custom_1493856216307{margin-top: 0px !important;margin-bottom: 0px !important;padding-top: 0px !important;padding-bottom: 60px !important;}&#8220;][vc_column width=&#8220;1\/2&#8243;][vc_single_image image=&#8220;126&#8243; img_size=&#8220;medium&#8220; alignment=&#8220;center&#8220;][vc_column_text]<\/p>\n<h3 style=\"text-align: center;\"><strong><span style=\"color: #333333;\">JOHNS MANVILLE<\/span><\/strong><br \/>\n<strong><span style=\"color: #333333;\">PINNACLE COUNCIL<\/span><\/strong><\/h3>\n<p>[\/vc_column_text][vc_empty_space][\/vc_column][vc_column width=&#8220;1\/2&#8243;][vc_single_image image=&#8220;127&#8243; img_size=&#8220;medium&#8220; alignment=&#8220;center&#8220;][vc_column_text]<\/p>\n<h3 style=\"text-align: center;\"><strong><span style=\"color: #333333;\">NRCA<br \/>\nGOLD CIRCLE AWARD<\/span><\/strong><\/h3>\n<p>[\/vc_column_text][vc_empty_space][\/vc_column][\/vc_row][vc_row type=&#8220;full-width-section&#8220; content_placement=&#8220;middle&#8220; css=&#8220;.vc_custom_1493164506167{margin-top: 0px !important;margin-bottom: 0px !important;padding-top: 180px !important;padding-bottom: 180px !important;background-image: url(http:\/\/cubimsa.com.mx\/wp-content\/uploads\/2017\/04\/FondoSuste.jpg?id=140) !important;background-position: center !important;background-repeat: no-repeat !important;background-size: cover !important;}&#8220;][vc_column width=&#8220;1\/2&#8243;][\/vc_column][vc_column width=&#8220;1\/2&#8243;][vc_custom_heading text=&#8220;NACHHALTIGKEIT&#8220; font_container=&#8220;tag:h1|font_size:30|text_align:left|color:%23ffffff&#8220; use_theme_fonts=&#8220;yes&#8220;][vc_column_text css=&#8220;.vc_custom_1498589403344{padding-top: 30px !important;}&#8220;]<span style=\"color: #efefef;\">Wir offerieren umweltfreundliche Systeme, in Form unserer h\u00f6chst effizienten D\u00e4cher. Diese helfen bei der Reduzierung der Belastung des \u00d6kosystems innerhalb der unterschiedlichen Projekte unserer Kunden und sch\u00fctzen diese au\u00dferdem vor den \u00e4u\u00dferen Wetterbedingungen.<\/span><\/p>\n<p><span style=\"color: #efefef;\">Unsere Leistungsbereitschaft gegen\u00fcber nachhaltiger Baustruktur ist best\u00e4ndig. So sind wir zus\u00e4tzlich Teilhaber zahlreicher Projekte mit LEED Zertifikaten.<\/span>[\/vc_column_text][\/vc_column][\/vc_row][vc_row css=&#8220;.vc_custom_1493164725347{margin-bottom: 0px !important;border-bottom-width: 0px !important;padding-top: 100px !important;padding-bottom: 100px !important;}&#8220;][vc_column][vc_custom_heading text=&#8220;ZUGEH\u00d6RIGKEIT&#8220; font_container=&#8220;tag:h1|font_size:30|text_align:center|color:%23213859&#8243; use_theme_fonts=&#8220;yes&#8220;][vc_column_text css=&#8220;.vc_custom_1498589428434{padding-top: 10px !important;}&#8220;]<\/p>\n<p style=\"text-align: center;\"><span style=\"color: #666666;\">Wir arbeiten mit zertifizierten und professionellen Mitarbeitern auf den Gebieten der Abdichtungen, thermalen Isolationen und nat\u00fcrlichen Beleuchtungssystemen. Hohe Qualit\u00e4tsmarken mit einer gro\u00dfen Auswahl bester Materialien erm\u00f6glichen die ausgezeichneten Resultate, die den unterschiedlichen Bed\u00fcrfnissen unserer Kunden angepasst sind. Unsere Produktionsunterst\u00fctzung, das permanente Training und stetige Kontrolle erm\u00f6glichen Installationen mit H\u00f6chststandards und eine langfristigen Garantie bei unseren Produkten.<\/span><\/p>\n<p>[\/vc_column_text][vc_row_inner][vc_column_inner width=&#8220;1\/3&#8243;][vc_single_image image=&#8220;148&#8243; img_size=&#8220;medium&#8220; alignment=&#8220;center&#8220; animation=&#8220;rda_bounceInUp&#8220; css=&#8220;.vc_custom_1493403558502{margin-bottom: 0px !important;border-bottom-width: 0px !important;padding-bottom: 20px !important;}&#8220;][vc_column_text css=&#8220;.vc_custom_1493165641327{margin-bottom: 0px !important;border-bottom-width: 0px !important;padding-bottom: 24px !important;}&#8220;]<\/p>\n<h3 style=\"text-align: center;\"><strong><span style=\"color: #333333;\">AMENA<\/span><\/strong><\/h3>\n<p>[\/vc_column_text][\/vc_column_inner][vc_column_inner width=&#8220;1\/3&#8243;][vc_single_image image=&#8220;149&#8243; img_size=&#8220;medium&#8220; alignment=&#8220;center&#8220; animation=&#8220;rda_bounceInUp&#8220; css=&#8220;.vc_custom_1493403565299{margin-bottom: 0px !important;border-bottom-width: 0px !important;padding-bottom: 20px !important;}&#8220;][vc_column_text css=&#8220;.vc_custom_1493165666566{margin-bottom: 0px !important;border-bottom-width: 0px !important;padding-bottom: 24px !important;}&#8220;]<\/p>\n<h3 style=\"text-align: center;\"><strong><span style=\"color: #333333;\">AHK MEXIKO<\/span><\/strong><\/h3>\n<p>[\/vc_column_text][\/vc_column_inner][vc_column_inner width=&#8220;1\/3&#8243;][vc_single_image image=&#8220;150&#8243; img_size=&#8220;medium&#8220; alignment=&#8220;center&#8220; animation=&#8220;rda_bounceInUp&#8220; css=&#8220;.vc_custom_1493403573180{margin-bottom: 0px !important;border-bottom-width: 0px !important;padding-bottom: 20px !important;}&#8220;][vc_column_text css=&#8220;.vc_custom_1493165708871{margin-bottom: 0px !important;border-bottom-width: 0px !important;padding-bottom: 24px !important;}&#8220;]<\/p>\n<h3 style=\"text-align: center;\"><strong><span style=\"color: #333333;\">NRCA<\/span><\/strong><\/h3>\n<p>[\/vc_column_text][\/vc_column_inner][\/vc_row_inner][vc_row_inner css=&#8220;.vc_custom_1493165913509{padding-top: 40px !important;}&#8220;][vc_column_inner width=&#8220;1\/3&#8243;][vc_single_image image=&#8220;151&#8243; img_size=&#8220;medium&#8220; alignment=&#8220;center&#8220; animation=&#8220;rda_bounceInUp&#8220; css=&#8220;.vc_custom_1493403580753{margin-bottom: 0px !important;border-bottom-width: 0px !important;padding-bottom: 20px !important;}&#8220;][vc_column_text css=&#8220;.vc_custom_1493165834292{margin-bottom: 0px !important;border-bottom-width: 0px !important;padding-bottom: 24px !important;}&#8220;]<\/p>\n<h3 style=\"text-align: center;\"><strong><span style=\"color: #333333;\">RVM<\/span><\/strong><\/h3>\n<p>[\/vc_column_text][\/vc_column_inner][vc_column_inner width=&#8220;1\/3&#8243;][vc_single_image image=&#8220;152&#8243; img_size=&#8220;medium&#8220; alignment=&#8220;center&#8220; animation=&#8220;rda_bounceInUp&#8220; css=&#8220;.vc_custom_1493403587364{margin-bottom: 0px !important;border-bottom-width: 0px !important;padding-bottom: 20px !important;}&#8220;][vc_column_text css=&#8220;.vc_custom_1493165840847{margin-bottom: 0px !important;border-bottom-width: 0px !important;padding-bottom: 24px !important;}&#8220;]<\/p>\n<h3 style=\"text-align: center;\"><strong><span style=\"color: #333333;\">SUNLITE<\/span><\/strong><\/h3>\n<p>[\/vc_column_text][\/vc_column_inner][vc_column_inner width=&#8220;1\/3&#8243;][vc_single_image image=&#8220;153&#8243; img_size=&#8220;medium&#8220; alignment=&#8220;center&#8220; animation=&#8220;rda_bounceInUp&#8220; css=&#8220;.vc_custom_1493403594411{margin-bottom: 0px !important;border-bottom-width: 0px !important;padding-bottom: 20px !important;}&#8220;][vc_column_text css=&#8220;.vc_custom_1493165846604{margin-bottom: 0px !important;border-bottom-width: 0px !important;padding-bottom: 24px !important;}&#8220;]<\/p>\n<h3 style=\"text-align: center;\"><strong><span style=\"color: #333333;\">ASM<\/span><\/strong><\/h3>\n<p>[\/vc_column_text][\/vc_column_inner][\/vc_row_inner][\/vc_column][\/vc_row][vc_row type=&#8220;full-width-section&#8220; content_placement=&#8220;middle&#8220; css=&#8220;.vc_custom_1496873854296{margin-top: 0px !important;margin-bottom: 0px !important;padding-top: 80px !important;padding-bottom: 80px !important;background-color: #efefef !important;background-position: center !important;background-repeat: no-repeat !important;background-size: cover !important;}&#8220;][vc_column][vc_custom_heading text=&#8220;SOZIALE VERANTWORTUNG&#8220; font_container=&#8220;tag:h1|font_size:30|text_align:center|color:%23333333&#8243; use_theme_fonts=&#8220;yes&#8220;][vc_column_text css=&#8220;.vc_custom_1498148250880{padding-top: 10px !important;}&#8220;]<\/p>\n<h4 class=\"p1\" style=\"text-align: center;\"><span class=\"s1\" style=\"color: #999999;\"><b>Bei CUBISMA gehen wir unserer Verpflichtung gegen\u00fcber der<br \/>\nGemeinschaft und Gesellschaft, der wir selbst angeh\u00f6ren, nach.<\/b><\/span><\/h4>\n<p class=\"p2\" style=\"text-align: center;\"><span class=\"s1\" style=\"color: #333333;\">Deshalb ist f\u00fcr uns es wichtig, dass in einer Kultur des Helfens Empathie und<br \/>\ngemeinschaftliche Aktivit\u00e4ten einen Beitrag zu einer umfassenden<br \/>\nEntwicklung geleistet wird. Wir wollen mehr sein als eine rein wirtschaftliche Firma.<\/span><\/p>\n<p>[\/vc_column_text][\/vc_column][\/vc_row][vc_row type=&#8220;full-width-content&#8220; content_placement=&#8220;middle&#8220; css=&#8220;.vc_custom_1496773404697{margin-top: 0px !important;margin-bottom: 0px !important;border-top-width: 0px !important;border-bottom-width: 0px !important;padding-top: 0px !important;padding-bottom: 0px !important;background-position: center !important;background-repeat: no-repeat !important;background-size: cover !important;}&#8220;][vc_column width=&#8220;1\/2&#8243; css=&#8220;.vc_custom_1496773265798{margin-right: 0px !important;margin-left: 0px !important;border-right-width: 0px !important;border-left-width: 0px !important;padding-top: 330px !important;padding-right: 0px !important;padding-bottom: 330px !important;padding-left: 0px !important;background-image: url(http:\/\/cubimsa.com.mx\/wp-content\/uploads\/2017\/04\/Responsabilidad-social-donacion-parque-Majalca-1.jpg?id=453) !important;background-position: center !important;background-repeat: no-repeat !important;background-size: cover !important;}&#8220;][\/vc_column][vc_column width=&#8220;1\/2&#8243; css=&#8220;.vc_custom_1496773432656{margin-right: 0px !important;margin-left: 0px !important;border-right-width: 0px !important;border-left-width: 0px !important;padding-top: 330px !important;padding-right: 0px !important;padding-bottom: 330px !important;padding-left: 0px !important;background-image: url(http:\/\/cubimsa.com.mx\/wp-content\/uploads\/2017\/04\/RSocial-donacion-primaria-Tarahumara.jpg?id=454) !important;background-position: center !important;background-repeat: no-repeat !important;background-size: cover !important;}&#8220;][\/vc_column][\/vc_row][vc_row type=&#8220;full-width-content&#8220; content_placement=&#8220;middle&#8220; css=&#8220;.vc_custom_1493166669811{margin-top: 0px !important;margin-bottom: 0px !important;border-top-width: 0px !important;border-bottom-width: 0px !important;padding-top: 0px !important;padding-bottom: 0px !important;background-position: center !important;background-repeat: no-repeat !important;background-size: cover !important;}&#8220;][vc_column width=&#8220;1\/2&#8243; css=&#8220;.vc_custom_1493850394142{margin-right: 0px !important;margin-left: 0px !important;border-right-width: 0px !important;border-left-width: 0px !important;padding-top: 330px !important;padding-right: 0px !important;padding-bottom: 330px !important;padding-left: 0px !important;background-image: url(http:\/\/cubimsa.com.mx\/wp-content\/uploads\/2017\/04\/FondoSeg.jpg?id=164) !important;background-position: center !important;background-repeat: no-repeat !important;background-size: cover !important;}&#8220;][vc_single_image image=&#8220;169&#8243; img_size=&#8220;medium&#8220; alignment=&#8220;right&#8220; animation=&#8220;rda_fadeInLeft&#8220; css=&#8220;.vc_custom_1493403607373{padding-right: 85px !important;}&#8220;][\/vc_column][vc_column width=&#8220;1\/2&#8243; css=&#8220;.vc_custom_1493166946308{margin-right: 0px !important;margin-left: 0px !important;border-right-width: 0px !important;border-left-width: 0px !important;padding-right: 0px !important;padding-left: 90px !important;}&#8220;][vc_custom_heading text=&#8220;SICHERHEIT&#8220; font_container=&#8220;tag:h1|font_size:30|text_align:left|color:%23848484&#8243; use_theme_fonts=&#8220;yes&#8220; css=&#8220;.vc_custom_1498148258923{padding-top: 25px !important;}&#8220;][vc_column_text css=&#8220;.vc_custom_1498148314792{margin-bottom: 0px !important;border-bottom-width: 0px !important;padding-top: 0px !important;padding-bottom: 10px !important;}&#8220;]<\/p>\n<p class=\"p1\"><span class=\"s1\" style=\"color: #999999;\">Unser CUBIMSAFE Sicherheitsprogramm besteht aus gut ausgebildetem Personal, welches sich engagiert um die physische Sicherheit unserer Installateure und Kunden k\u00fcmmert. Dieses ist zun\u00e4chst verantwortlich f\u00fcr das allgemeine Training, die Schulung und Ausbildung im Bereich der Sicherheit jedes einzelnen Technikers auf dem Gebiet des Arbeitens in der H\u00f6he, der Ersten Hilfe und weiteren Sicherheitsbestimmungen. <\/span><\/p>\n<h4 class=\"p2\"><span style=\"color: #575757;\"><strong><span class=\"s2\">Unser Team arbeitet mit: <\/span><\/strong><\/span><\/h4>\n<p>[\/vc_column_text][vc_column_text el_class=&#8220;lista2&#8243; css=&#8220;.vc_custom_1498148450346{padding-bottom: 15px !important;}&#8220;]<\/p>\n<ul class=\"ul1\">\n<li class=\"li1\"><span class=\"s1\">DC5 Zertifikaten (Koordinatoren), DC3 Zertifikaten (Installateure), Erf\u00fcllungen der OSHA-Standards<\/span><\/li>\n<\/ul>\n<p>[\/vc_column_text][vc_column_text el_class=&#8220;lista2&#8243; css=&#8220;.vc_custom_1498148477080{margin-bottom: 0px !important;border-bottom-width: 0px !important;padding-bottom: 15px !important;}&#8220;]<\/p>\n<h4><span style=\"color: #575757;\">BELOHNT:<\/span><\/h4>\n<p>[\/vc_column_text][vc_row_inner][vc_column_inner width=&#8220;1\/3&#8243;][vc_single_image image=&#8220;410&#8243; img_size=&#8220;large&#8220; animation=&#8220;rda_fadeIn&#8220;][\/vc_column_inner][vc_column_inner width=&#8220;1\/3&#8243;][vc_single_image image=&#8220;412&#8243; img_size=&#8220;full&#8220; animation=&#8220;rda_fadeIn&#8220;][\/vc_column_inner][vc_column_inner width=&#8220;1\/3&#8243;][vc_single_image image=&#8220;415&#8243; img_size=&#8220;full&#8220; animation=&#8220;rda_fadeIn&#8220;][\/vc_column_inner][\/vc_row_inner][\/vc_column][\/vc_row]<\/p>\n<\/div>","protected":false},"excerpt":{"rendered":"<p>[vc_row css=&#8220;.vc_custom_1493163531269{margin-bottom: 0px !important;border-bottom-width: 0px !important;padding-top: 90px !important;padding-bottom: 0px !important;}&#8220;][vc_column][vc_custom_heading text=&#8220;ERRUNGENSCHAFTEN&#8220; font_container=&#8220;tag:h1|font_size:30|text_align:center|color:%23848484&#8243; use_theme_fonts=&#8220;yes&#8220;][\/vc_column][\/vc_row][vc_row type=&#8220;full-width-section&#8220; css=&#8220;.vc_custom_1493856203247{margin-top: 0px !important;margin-bottom: 0px !important;padding-top: 30px !important;padding-bottom: 0px !important;}&#8220;][vc_column width=&#8220;1\/3&#8243;][vc_single_image image=&#8220;128&#8243; img_size=&#8220;medium&#8220; alignment=&#8220;center&#8220;][vc_column_text] FIRESTONE MASTER CONTRACTOR PRESIDENT&#8217;S CLUB [\/vc_column_text][vc_empty_space][\/vc_column][vc_column width=&#8220;1\/3&#8243;][vc_single_image image=&#8220;491&#8243; img_size=&#8220;medium&#8220; alignment=&#8220;center&#8220;][vc_column_text] FIRESTONE EXCELLENCE AWARD [\/vc_column_text][vc_empty_space][\/vc_column][vc_column width=&#8220;1\/3&#8243;][vc_single_image image=&#8220;129&#8243; img_size=&#8220;medium&#8220; alignment=&#8220;center&#8220;][vc_column_text] FIRESTONE MASTER CONTRACTOR HARVEY AWARD [\/vc_column_text][vc_empty_space][\/vc_column][\/vc_row][vc_row type=&#8220;full-width-section&#8220; css=&#8220;.vc_custom_1493856216307{margin-top: 0px !important;margin-bottom:<br \/><a href=\"https:\/\/cimroofing.com\/de\/comunidad\/\" class=\"more\">Read more<\/a><\/p>\n","protected":false},"author":1,"featured_media":0,"parent":0,"menu_order":0,"comment_status":"closed","ping_status":"closed","template":"","meta":{"_joinchat":[],"footnotes":""},"class_list":["post-616","page","type-page","status-publish","hentry"],"_links":{"self":[{"href":"https:\/\/cimroofing.com\/de\/wp-json\/wp\/v2\/pages\/616","targetHints":{"allow":["GET"]}}],"collection":[{"href":"https:\/\/cimroofing.com\/de\/wp-json\/wp\/v2\/pages"}],"about":[{"href":"https:\/\/cimroofing.com\/de\/wp-json\/wp\/v2\/types\/page"}],"author":[{"embeddable":true,"href":"https:\/\/cimroofing.com\/de\/wp-json\/wp\/v2\/users\/1"}],"replies":[{"embeddable":true,"href":"https:\/\/cimroofing.com\/de\/wp-json\/wp\/v2\/comments?post=616"}],"version-history":[{"count":10,"href":"https:\/\/cimroofing.com\/de\/wp-json\/wp\/v2\/pages\/616\/revisions"}],"predecessor-version":[{"id":783,"href":"https:\/\/cimroofing.com\/de\/wp-json\/wp\/v2\/pages\/616\/revisions\/783"}],"wp:attachment":[{"href":"https:\/\/cimroofing.com\/de\/wp-json\/wp\/v2\/media?parent=616"}],"curies":[{"name":"wp","href":"https:\/\/api.w.org\/{rel}","templated":true}]}}